{"id":519,"date":"2024-10-11T11:42:42","date_gmt":"2024-10-11T08:42:42","guid":{"rendered":"https:\/\/calaverapartners.com\/?page_id=519"},"modified":"2025-01-24T13:44:47","modified_gmt":"2025-01-24T11:44:47","slug":"sobre-nosotros","status":"publish","type":"page","link":"https:\/\/calaverapartners.com\/es\/sobre-nosotros\/","title":{"rendered":"Sobre Nosotros"},"content":{"rendered":"\t\t<div data-elementor-type=\"wp-page\" data-elementor-id=\"519\" class=\"elementor elementor-519\">\n\t\t\t\t<div class=\"elementor-element elementor-element-69db3437 vvv e-flex e-con-boxed e-con e-parent\" data-id=\"69db3437\" data-element_type=\"container\" data-settings=\"{&quot;background_background&quot;:&quot;classic&quot;}\">\n\t\t\t\t\t<div class=\"e-con-inner\">\n\t\t<div class=\"elementor-element elementor-element-6031fc02 e-flex e-con-boxed e-con e-child\" data-id=\"6031fc02\" data-element_type=\"container\">\n\t\t\t\t\t<div class=\"e-con-inner\">\n\t\t\t\t<div class=\"elementor-element elementor-element-637c1430 elementor-widget elementor-widget-heading\" data-id=\"637c1430\" data-element_type=\"widget\" data-widget_type=\"heading.default\">\n\t\t\t\t<div class=\"elementor-widget-container\">\n\t\t\t\t\t<h1 class=\"elementor-heading-title elementor-size-default\">Sobre Nosotros<\/h1>\t\t\t\t<\/div>\n\t\t\t\t<\/div>\n\t\t<div class=\"elementor-element elementor-element-f284eb3 e-flex e-con-boxed e-con e-child\" data-id=\"f284eb3\" data-element_type=\"container\">\n\t\t\t\t\t<div class=\"e-con-inner\">\n\t\t<div class=\"elementor-element elementor-element-7de6711 e-con-full e-flex e-con e-child\" data-id=\"7de6711\" data-element_type=\"container\">\n\t\t\t\t<div class=\"elementor-element elementor-element-44b97483 elementor-widget elementor-widget-text-editor\" data-id=\"44b97483\" data-element_type=\"widget\" data-widget_type=\"text-editor.default\">\n\t\t\t\t<div class=\"elementor-widget-container\">\n\t\t\t\t\t\t\t\t\t<p>CalaVera Bet aspira a ser el principal destino de entretenimiento de casino y apuestas deportivas en l\u00ednea. Facilitamos a los jugadores una experiencia justa y transparente a trav\u00e9s de nuestra plataforma de casino de \u00faltima generaci\u00f3n, donde la tradici\u00f3n se encuentra con el futuro de vanguardia de los juegos de azar en l\u00ednea. Nuestro principal objetivo es situar al jugador en el centro de todo lo que hacemos, garantizando un enfoque integral de la experiencia del usuario, una interacci\u00f3n atractiva y un juego envolvente.<\/p>\t\t\t\t\t\t\t\t<\/div>\n\t\t\t\t<\/div>\n\t\t\t\t<\/div>\n\t\t<div class=\"elementor-element elementor-element-bffa3a9 e-con-full e-flex e-con e-child\" data-id=\"bffa3a9\" data-element_type=\"container\">\n\t\t\t\t<div class=\"elementor-element elementor-element-87db155 elementor-widget elementor-widget-text-editor\" data-id=\"87db155\" data-element_type=\"widget\" data-widget_type=\"text-editor.default\">\n\t\t\t\t<div class=\"elementor-widget-container\">\n\t\t\t\t\t\t\t\t\t<p>CalaVera Bet cuenta con un equipo de profesionales experimentados en casinos y juegos de azar que aportan una amplia experiencia en el sector, redes y conocimientos. Con muchos a\u00f1os de experiencia dirigiendo las operaciones m\u00e1s exitosas de iGaming, nuestro equipo de marketing de afiliaci\u00f3n est\u00e1 absolutamente dedicado a facilitarte todas las herramientas y asistencia esenciales para maximizar tus beneficios y nuestro \u00e9xito mutuo.<\/p>\t\t\t\t\t\t\t\t<\/div>\n\t\t\t\t<\/div>\n\t\t\t\t<\/div>\n\t\t\t\t\t<\/div>\n\t\t\t\t<\/div>\n\t\t\t\t\t<\/div>\n\t\t\t\t<\/div>\n\t\t\t\t\t<\/div>\n\t\t\t\t<\/div>\n\t\t\t\t<\/div>\n\t\t","protected":false},"excerpt":{"rendered":"<p>Sobre Nosotros CalaVera Bet aspira a ser el principal destino de entretenimiento de casino y apuestas deportivas en l\u00ednea. Facilitamos a los jugadores una experiencia justa y transparente a trav\u00e9s de nuestra plataforma de casino de \u00faltima generaci\u00f3n, donde la tradici\u00f3n se encuentra con el futuro de vanguardia de los juegos de azar en l\u00ednea. [&hellip;]<\/p>\n","protected":false},"author":4,"featured_media":0,"parent":0,"menu_order":0,"comment_status":"closed","ping_status":"closed","template":"","meta":{"ocean_post_layout":"","ocean_both_sidebars_style":"","ocean_both_sidebars_content_width":0,"ocean_both_sidebars_sidebars_width":0,"ocean_sidebar":"","ocean_second_sidebar":"","ocean_disable_margins":"enable","ocean_add_body_class":"","ocean_shortcode_before_top_bar":"","ocean_shortcode_after_top_bar":"","ocean_shortcode_before_header":"","ocean_shortcode_after_header":"","ocean_has_shortcode":"","ocean_shortcode_after_title":"","ocean_shortcode_before_footer_widgets":"","ocean_shortcode_after_footer_widgets":"","ocean_shortcode_before_footer_bottom":"","ocean_shortcode_after_footer_bottom":"","ocean_display_top_bar":"default","ocean_display_header":"default","ocean_header_style":"","ocean_center_header_left_menu":"","ocean_custom_header_template":"","ocean_custom_logo":0,"ocean_custom_retina_logo":0,"ocean_custom_logo_max_width":0,"ocean_custom_logo_tablet_max_width":0,"ocean_custom_logo_mobile_max_width":0,"ocean_custom_logo_max_height":0,"ocean_custom_logo_tablet_max_height":0,"ocean_custom_logo_mobile_max_height":0,"ocean_header_custom_menu":"","ocean_menu_typo_font_family":"","ocean_menu_typo_font_subset":"","ocean_menu_typo_font_size":0,"ocean_menu_typo_font_size_tablet":0,"ocean_menu_typo_font_size_mobile":0,"ocean_menu_typo_font_size_unit":"px","ocean_menu_typo_font_weight":"","ocean_menu_typo_font_weight_tablet":"","ocean_menu_typo_font_weight_mobile":"","ocean_menu_typo_transform":"","ocean_menu_typo_transform_tablet":"","ocean_menu_typo_transform_mobile":"","ocean_menu_typo_line_height":0,"ocean_menu_typo_line_height_tablet":0,"ocean_menu_typo_line_height_mobile":0,"ocean_menu_typo_line_height_unit":"","ocean_menu_typo_spacing":0,"ocean_menu_typo_spacing_tablet":0,"ocean_menu_typo_spacing_mobile":0,"ocean_menu_typo_spacing_unit":"","ocean_menu_link_color":"","ocean_menu_link_color_hover":"","ocean_menu_link_color_active":"","ocean_menu_link_background":"","ocean_menu_link_hover_background":"","ocean_menu_link_active_background":"","ocean_menu_social_links_bg":"","ocean_menu_social_hover_links_bg":"","ocean_menu_social_links_color":"","ocean_menu_social_hover_links_color":"","ocean_disable_title":"default","ocean_disable_heading":"default","ocean_post_title":"","ocean_post_subheading":"","ocean_post_title_style":"","ocean_post_title_background_color":"","ocean_post_title_background":0,"ocean_post_title_bg_image_position":"","ocean_post_title_bg_image_attachment":"","ocean_post_title_bg_image_repeat":"","ocean_post_title_bg_image_size":"","ocean_post_title_height":0,"ocean_post_title_bg_overlay":0.5,"ocean_post_title_bg_overlay_color":"","ocean_disable_breadcrumbs":"default","ocean_breadcrumbs_color":"","ocean_breadcrumbs_separator_color":"","ocean_breadcrumbs_links_color":"","ocean_breadcrumbs_links_hover_color":"","ocean_display_footer_widgets":"default","ocean_display_footer_bottom":"default","ocean_custom_footer_template":"","footnotes":""},"class_list":["post-519","page","type-page","status-publish","hentry","entry"],"_links":{"self":[{"href":"https:\/\/calaverapartners.com\/es\/wp-json\/wp\/v2\/pages\/519","targetHints":{"allow":["GET"]}}],"collection":[{"href":"https:\/\/calaverapartners.com\/es\/wp-json\/wp\/v2\/pages"}],"about":[{"href":"https:\/\/calaverapartners.com\/es\/wp-json\/wp\/v2\/types\/page"}],"author":[{"embeddable":true,"href":"https:\/\/calaverapartners.com\/es\/wp-json\/wp\/v2\/users\/4"}],"replies":[{"embeddable":true,"href":"https:\/\/calaverapartners.com\/es\/wp-json\/wp\/v2\/comments?post=519"}],"version-history":[{"count":16,"href":"https:\/\/calaverapartners.com\/es\/wp-json\/wp\/v2\/pages\/519\/revisions"}],"predecessor-version":[{"id":547,"href":"https:\/\/calaverapartners.com\/es\/wp-json\/wp\/v2\/pages\/519\/revisions\/547"}],"wp:attachment":[{"href":"https:\/\/calaverapartners.com\/es\/wp-json\/wp\/v2\/media?parent=519"}],"curies":[{"name":"wp","href":"https:\/\/api.w.org\/{rel}","templated":true}]}}