{"id":273,"date":"2024-10-11T11:42:24","date_gmt":"2024-10-11T08:42:24","guid":{"rendered":"https:\/\/calaverapartners.com\/?page_id=273"},"modified":"2025-01-24T13:54:24","modified_gmt":"2025-01-24T11:54:24","slug":"comisiones","status":"publish","type":"page","link":"https:\/\/calaverapartners.com\/es\/comisiones\/","title":{"rendered":"Comisiones"},"content":{"rendered":"\t\t<div data-elementor-type=\"wp-page\" data-elementor-id=\"273\" class=\"elementor elementor-273\">\n\t\t\t\t<div class=\"elementor-element elementor-element-bf16b24 e-flex e-con-boxed e-con e-parent\" data-id=\"bf16b24\" data-element_type=\"container\" data-settings=\"{&quot;background_background&quot;:&quot;classic&quot;}\">\n\t\t\t\t\t<div class=\"e-con-inner\">\n\t\t<div class=\"elementor-element elementor-element-4810f77 e-flex e-con-boxed e-con e-child\" data-id=\"4810f77\" data-element_type=\"container\">\n\t\t\t\t\t<div class=\"e-con-inner\">\n\t\t\t\t<div class=\"elementor-element elementor-element-ea2dd01 elementor-widget elementor-widget-heading\" data-id=\"ea2dd01\" data-element_type=\"widget\" data-widget_type=\"heading.default\">\n\t\t\t\t<div class=\"elementor-widget-container\">\n\t\t\t\t\t<h1 class=\"elementor-heading-title elementor-size-default\">COMISIONES: MODELOS DE COMISIONES EN CALAVERA SOCIOS<\/h1>\t\t\t\t<\/div>\n\t\t\t\t<\/div>\n\t\t\t\t<div class=\"elementor-element elementor-element-ae57e13 elementor-widget elementor-widget-text-editor\" data-id=\"ae57e13\" data-element_type=\"widget\" data-widget_type=\"text-editor.default\">\n\t\t\t\t<div class=\"elementor-widget-container\">\n\t\t\t\t\t\t\t\t\t<p>Nothing is more important to us at CALAVERA Partners than treating you and your income with integrity, respect and, above all, transparency.<\/p><p>We acknowledge and reward the time and effort placed into partner websites around the world, and we are committed to providing only the best possible service to all affiliate partners who join our CALAVERA Partners Program<\/p>\t\t\t\t\t\t\t\t<\/div>\n\t\t\t\t<\/div>\n\t\t\t\t<div class=\"elementor-element elementor-element-5d9457e elementor-widget elementor-widget-heading\" data-id=\"5d9457e\" data-element_type=\"widget\" data-widget_type=\"heading.default\">\n\t\t\t\t<div class=\"elementor-widget-container\">\n\t\t\t\t\t<h2 class=\"elementor-heading-title elementor-size-default\">SELECCIONA TU MODELO DE INGRESOS, EMPIEZA A PROMOCIONAR Y RECOGE LOS BENEFICIOS EN CALAVERA SOCIOS<\/h2>\t\t\t\t<\/div>\n\t\t\t\t<\/div>\n\t\t\t\t<div class=\"elementor-element elementor-element-caa3ae2 elementor-widget elementor-widget-text-editor\" data-id=\"caa3ae2\" data-element_type=\"widget\" data-widget_type=\"text-editor.default\">\n\t\t\t\t<div class=\"elementor-widget-container\">\n\t\t\t\t\t\t\t\t\t<p>Somos grandes fans de la metodolog\u00eda KISS: \u00a1queremos mantenerlo simple, est\u00fapido! Nada de luces intermitentes alrededor de t\u00e9rminos excesivamente complicados que nadie puede entender o aplicar f\u00e1cilmente, s\u00f3lo respeto por el negocio y las cifras que aporta cada uno de nuestros socios.<\/p><p>Con nuestro sistema de seguimiento de \u00faltima generaci\u00f3n, podr\u00e1s ver exactamente d\u00f3nde est\u00e1n Tus comisiones y c\u00f3mo te est\u00e1 yendo.<\/p>\t\t\t\t\t\t\t\t<\/div>\n\t\t\t\t<\/div>\n\t\t\t\t\t<\/div>\n\t\t\t\t<\/div>\n\t\t<div class=\"elementor-element elementor-element-149d526 e-flex e-con-boxed e-con e-child\" data-id=\"149d526\" data-element_type=\"container\">\n\t\t\t\t\t<div class=\"e-con-inner\">\n\t\t<div class=\"elementor-element elementor-element-2d77bdd e-con-full e-flex e-con e-child\" data-id=\"2d77bdd\" data-element_type=\"container\">\n\t\t\t\t<div class=\"elementor-element elementor-element-4021527 elementor-position-top elementor-position-top elementor-widget elementor-widget-image-box\" data-id=\"4021527\" data-element_type=\"widget\" data-widget_type=\"image-box.default\">\n\t\t\t\t<div class=\"elementor-widget-container\">\n\t\t\t\t\t<div class=\"elementor-image-box-wrapper\"><figure class=\"elementor-image-box-img\"><img decoding=\"async\" width=\"64\" height=\"68\" src=\"https:\/\/calaverapartners.com\/wp-content\/uploads\/2025\/01\/Asset-5.png\" class=\"attachment-full size-full wp-image-472\" alt=\"\" \/><\/figure><div class=\"elementor-image-box-content\"><h3 class=\"elementor-image-box-title\">PORCENTAJE DE INGRESOS<\/h3><p class=\"elementor-image-box-description\">Gana una parte de los ingresos netos generados durante la participaci\u00f3n de tus jugadores. <\/p><\/div><\/div>\t\t\t\t<\/div>\n\t\t\t\t<\/div>\n\t\t\t\t<\/div>\n\t\t<div class=\"elementor-element elementor-element-217c4de e-con-full elementor-hidden-mobile e-flex e-con e-child\" data-id=\"217c4de\" data-element_type=\"container\">\n\t\t\t\t<div class=\"elementor-element elementor-element-01ab4df elementor-widget elementor-widget-image\" data-id=\"01ab4df\" data-element_type=\"widget\" data-widget_type=\"image.default\">\n\t\t\t\t<div class=\"elementor-widget-container\">\n\t\t\t\t\t\t\t\t\t\t\t\t\t\t\t<img decoding=\"async\" width=\"2\" height=\"153\" src=\"https:\/\/calaverapartners.com\/wp-content\/uploads\/2024\/12\/Line-between-2-icons.png\" class=\"attachment-full size-full wp-image-293\" alt=\"\" \/>\t\t\t\t\t\t\t\t\t\t\t\t\t\t\t<\/div>\n\t\t\t\t<\/div>\n\t\t\t\t<\/div>\n\t\t<div class=\"elementor-element elementor-element-1bca7de e-con-full e-flex e-con e-child\" data-id=\"1bca7de\" data-element_type=\"container\">\n\t\t\t\t<div class=\"elementor-element elementor-element-494bb3a elementor-position-top elementor-position-top elementor-widget elementor-widget-image-box\" data-id=\"494bb3a\" data-element_type=\"widget\" data-widget_type=\"image-box.default\">\n\t\t\t\t<div class=\"elementor-widget-container\">\n\t\t\t\t\t<div class=\"elementor-image-box-wrapper\"><figure class=\"elementor-image-box-img\"><img decoding=\"async\" width=\"70\" height=\"80\" src=\"https:\/\/calaverapartners.com\/wp-content\/uploads\/2025\/01\/Icon-CPA.png\" class=\"attachment-full size-full wp-image-474\" alt=\"\" \/><\/figure><div class=\"elementor-image-box-content\"><h3 class=\"elementor-image-box-title\">CPA<\/h3><p class=\"elementor-image-box-description\">Gana un pago \u00fanico por cada jugador que ha depositado despu\u00e9s de haberlo recomendado.<\/p><\/div><\/div>\t\t\t\t<\/div>\n\t\t\t\t<\/div>\n\t\t\t\t<\/div>\n\t\t\t\t\t<\/div>\n\t\t\t\t<\/div>\n\t\t<div class=\"elementor-element elementor-element-6b28ce4 e-flex e-con-boxed e-con e-child\" data-id=\"6b28ce4\" data-element_type=\"container\">\n\t\t\t\t\t<div class=\"e-con-inner\">\n\t\t\t\t<div class=\"elementor-element elementor-element-0ad53c1 elementor-widget elementor-widget-text-editor\" data-id=\"0ad53c1\" data-element_type=\"widget\" data-widget_type=\"text-editor.default\">\n\t\t\t\t<div class=\"elementor-widget-container\">\n\t\t\t\t\t\t\t\t\t<p>OTROS TIPOS DE ACUERDOS (H\u00cdBRIDOS): En CALAVERA Socios, reconocemos la necesidad de mantenernos al d\u00eda en los siempre cambiantes campos de la publicidad y el marketing; combinamos el conocimiento de la industria con la flexibilidad para encontrar la mejor manera de trabajar contigo hacia el logro de tus objetivos.<\/p><p>Con la flexibilidad en mente, hemos habilitado una serie de tipos de acuerdos alternativos, como el modelo h\u00edbrido (una mezcla entre CPA y Porcentaje de Ingresos). Ponte en contacto con tu gestor de afiliados despu\u00e9s de registrarte para que te asesore sobre el mejor tipo de acuerdo para ti.<\/p><p>Con nuestro sistema de seguimiento de \u00faltima generaci\u00f3n, podr\u00e1s ver exactamente d\u00f3nde est\u00e1n Tus comisiones y c\u00f3mo te est\u00e1 yendo.<\/p>\t\t\t\t\t\t\t\t<\/div>\n\t\t\t\t<\/div>\n\t\t\t\t\t<\/div>\n\t\t\t\t<\/div>\n\t\t\t\t\t<\/div>\n\t\t\t\t<\/div>\n\t\t\t\t<\/div>\n\t\t","protected":false},"excerpt":{"rendered":"<p>COMISIONES: MODELOS DE COMISIONES EN CALAVERA SOCIOS Nothing is more important to us at CALAVERA Partners than treating you and your income with integrity, respect and, above all, transparency. We acknowledge and reward the time and effort placed into partner websites around the world, and we are committed to providing only the best possible service [&hellip;]<\/p>\n","protected":false},"author":4,"featured_media":0,"parent":0,"menu_order":0,"comment_status":"closed","ping_status":"closed","template":"","meta":{"ocean_post_layout":"","ocean_both_sidebars_style":"","ocean_both_sidebars_content_width":0,"ocean_both_sidebars_sidebars_width":0,"ocean_sidebar":"","ocean_second_sidebar":"","ocean_disable_margins":"enable","ocean_add_body_class":"","ocean_shortcode_before_top_bar":"","ocean_shortcode_after_top_bar":"","ocean_shortcode_before_header":"","ocean_shortcode_after_header":"","ocean_has_shortcode":"","ocean_shortcode_after_title":"","ocean_shortcode_before_footer_widgets":"","ocean_shortcode_after_footer_widgets":"","ocean_shortcode_before_footer_bottom":"","ocean_shortcode_after_footer_bottom":"","ocean_display_top_bar":"default","ocean_display_header":"default","ocean_header_style":"","ocean_center_header_left_menu":"","ocean_custom_header_template":"","ocean_custom_logo":0,"ocean_custom_retina_logo":0,"ocean_custom_logo_max_width":0,"ocean_custom_logo_tablet_max_width":0,"ocean_custom_logo_mobile_max_width":0,"ocean_custom_logo_max_height":0,"ocean_custom_logo_tablet_max_height":0,"ocean_custom_logo_mobile_max_height":0,"ocean_header_custom_menu":"","ocean_menu_typo_font_family":"","ocean_menu_typo_font_subset":"","ocean_menu_typo_font_size":0,"ocean_menu_typo_font_size_tablet":0,"ocean_menu_typo_font_size_mobile":0,"ocean_menu_typo_font_size_unit":"px","ocean_menu_typo_font_weight":"","ocean_menu_typo_font_weight_tablet":"","ocean_menu_typo_font_weight_mobile":"","ocean_menu_typo_transform":"","ocean_menu_typo_transform_tablet":"","ocean_menu_typo_transform_mobile":"","ocean_menu_typo_line_height":0,"ocean_menu_typo_line_height_tablet":0,"ocean_menu_typo_line_height_mobile":0,"ocean_menu_typo_line_height_unit":"","ocean_menu_typo_spacing":0,"ocean_menu_typo_spacing_tablet":0,"ocean_menu_typo_spacing_mobile":0,"ocean_menu_typo_spacing_unit":"","ocean_menu_link_color":"","ocean_menu_link_color_hover":"","ocean_menu_link_color_active":"","ocean_menu_link_background":"","ocean_menu_link_hover_background":"","ocean_menu_link_active_background":"","ocean_menu_social_links_bg":"","ocean_menu_social_hover_links_bg":"","ocean_menu_social_links_color":"","ocean_menu_social_hover_links_color":"","ocean_disable_title":"default","ocean_disable_heading":"default","ocean_post_title":"","ocean_post_subheading":"","ocean_post_title_style":"","ocean_post_title_background_color":"","ocean_post_title_background":0,"ocean_post_title_bg_image_position":"","ocean_post_title_bg_image_attachment":"","ocean_post_title_bg_image_repeat":"","ocean_post_title_bg_image_size":"","ocean_post_title_height":0,"ocean_post_title_bg_overlay":0.5,"ocean_post_title_bg_overlay_color":"","ocean_disable_breadcrumbs":"default","ocean_breadcrumbs_color":"","ocean_breadcrumbs_separator_color":"","ocean_breadcrumbs_links_color":"","ocean_breadcrumbs_links_hover_color":"","ocean_display_footer_widgets":"default","ocean_display_footer_bottom":"default","ocean_custom_footer_template":"","footnotes":""},"class_list":["post-273","page","type-page","status-publish","hentry","entry"],"_links":{"self":[{"href":"https:\/\/calaverapartners.com\/es\/wp-json\/wp\/v2\/pages\/273","targetHints":{"allow":["GET"]}}],"collection":[{"href":"https:\/\/calaverapartners.com\/es\/wp-json\/wp\/v2\/pages"}],"about":[{"href":"https:\/\/calaverapartners.com\/es\/wp-json\/wp\/v2\/types\/page"}],"author":[{"embeddable":true,"href":"https:\/\/calaverapartners.com\/es\/wp-json\/wp\/v2\/users\/4"}],"replies":[{"embeddable":true,"href":"https:\/\/calaverapartners.com\/es\/wp-json\/wp\/v2\/comments?post=273"}],"version-history":[{"count":58,"href":"https:\/\/calaverapartners.com\/es\/wp-json\/wp\/v2\/pages\/273\/revisions"}],"predecessor-version":[{"id":571,"href":"https:\/\/calaverapartners.com\/es\/wp-json\/wp\/v2\/pages\/273\/revisions\/571"}],"wp:attachment":[{"href":"https:\/\/calaverapartners.com\/es\/wp-json\/wp\/v2\/media?parent=273"}],"curies":[{"name":"wp","href":"https:\/\/api.w.org\/{rel}","templated":true}]}}