{"id":267,"date":"2024-10-11T11:26:52","date_gmt":"2024-10-11T08:26:52","guid":{"rendered":"https:\/\/calaverapartners.com\/home\/"},"modified":"2025-01-28T17:41:59","modified_gmt":"2025-01-28T15:41:59","slug":"home","status":"publish","type":"page","link":"https:\/\/calaverapartners.com\/es\/","title":{"rendered":"Home"},"content":{"rendered":"\t\t<div data-elementor-type=\"wp-page\" data-elementor-id=\"267\" class=\"elementor elementor-267\">\n\t\t\t\t<div class=\"elementor-element elementor-element-ff60964 elementor-hidden-desktop elementor-hidden-tablet elementor-hidden-mobile e-flex e-con-boxed e-con e-parent\" data-id=\"ff60964\" data-element_type=\"container\" data-settings=\"{&quot;background_background&quot;:&quot;classic&quot;}\">\n\t\t\t\t\t<div class=\"e-con-inner\">\n\t\t\t\t<div class=\"elementor-element elementor-element-99f86ee elementor-widget elementor-widget-shortcode\" data-id=\"99f86ee\" data-element_type=\"widget\" data-widget_type=\"shortcode.default\">\n\t\t\t\t<div class=\"elementor-widget-container\">\n\t\t\t\t\t\t\t<div class=\"elementor-shortcode\"><\/div>\n\t\t\t\t\t\t<\/div>\n\t\t\t\t<\/div>\n\t\t\t\t\t<\/div>\n\t\t\t\t<\/div>\n\t\t<div class=\"elementor-element elementor-element-55c0c99 e-con-full e-flex e-con e-parent\" data-id=\"55c0c99\" data-element_type=\"container\">\n\t\t\t\t<div class=\"elementor-element elementor-element-887efe2 elementor-arrows-position-inside elementor-pagination-position-outside elementor-widget elementor-widget-image-carousel\" data-id=\"887efe2\" data-element_type=\"widget\" data-settings=\"{&quot;slides_to_show&quot;:&quot;1&quot;,&quot;navigation&quot;:&quot;both&quot;,&quot;autoplay&quot;:&quot;yes&quot;,&quot;pause_on_hover&quot;:&quot;yes&quot;,&quot;pause_on_interaction&quot;:&quot;yes&quot;,&quot;autoplay_speed&quot;:5000,&quot;infinite&quot;:&quot;yes&quot;,&quot;effect&quot;:&quot;slide&quot;,&quot;speed&quot;:500}\" data-widget_type=\"image-carousel.default\">\n\t\t\t\t<div class=\"elementor-widget-container\">\n\t\t\t\t\t\t\t<div class=\"elementor-image-carousel-wrapper swiper\" role=\"region\" aria-roledescription=\"carousel\" aria-label=\"Carrusel de im\u00e1genes\" dir=\"ltr\">\n\t\t\t<div class=\"elementor-image-carousel swiper-wrapper\" aria-live=\"off\">\n\t\t\t\t\t\t\t\t<div class=\"swiper-slide\" role=\"group\" aria-roledescription=\"slide\" aria-label=\"1 de 1\"><a data-elementor-open-lightbox=\"yes\" data-elementor-lightbox-slideshow=\"887efe2\" data-elementor-lightbox-title=\"main banner callavera(\u0435s)\" data-e-action-hash=\"#elementor-action%3Aaction%3Dlightbox%26settings%3DeyJpZCI6NjkzLCJ1cmwiOiJodHRwczpcL1wvY2FsYXZlcmFwYXJ0bmVycy5jb21cL3dwLWNvbnRlbnRcL3VwbG9hZHNcLzIwMjVcLzAxXC9tYWluLWJhbm5lci1jYWxsYXZlcmFcdTA0MzVzLnBuZyIsInNsaWRlc2hvdyI6Ijg4N2VmZTIifQ%3D%3D\" href=\"https:\/\/go.calaverapartners.com\/signup\/\"><figure class=\"swiper-slide-inner\"><img decoding=\"async\" class=\"swiper-slide-image\" src=\"https:\/\/calaverapartners.com\/wp-content\/uploads\/2025\/01\/main-banner-callavera\u0435s.png\" alt=\"main banner callavera(\u0435s)\" \/><\/figure><\/a><\/div>\t\t\t<\/div>\n\t\t\t\t\t<\/div>\n\t\t\t\t\t\t<\/div>\n\t\t\t\t<\/div>\n\t\t\t\t<\/div>\n\t\t<div class=\"elementor-element elementor-element-970b74c e-flex e-con-boxed e-con e-parent\" data-id=\"970b74c\" data-element_type=\"container\" data-settings=\"{&quot;background_background&quot;:&quot;classic&quot;}\">\n\t\t\t\t\t<div class=\"e-con-inner\">\n\t\t<div class=\"elementor-element elementor-element-a3d1bab e-con-full e-flex e-con e-child\" data-id=\"a3d1bab\" data-element_type=\"container\">\n\t\t\t\t<div class=\"elementor-element elementor-element-c65bd3e elementor-position-top elementor-widget elementor-widget-image-box\" data-id=\"c65bd3e\" data-element_type=\"widget\" data-widget_type=\"image-box.default\">\n\t\t\t\t<div class=\"elementor-widget-container\">\n\t\t\t\t\t<div class=\"elementor-image-box-wrapper\"><figure class=\"elementor-image-box-img\"><img fetchpriority=\"high\" decoding=\"async\" width=\"2084\" height=\"2084\" src=\"https:\/\/calaverapartners.com\/wp-content\/uploads\/2025\/01\/500\u0445500-icons-04-04.png\" class=\"attachment-full size-full wp-image-646\" alt=\"\" srcset=\"https:\/\/calaverapartners.com\/wp-content\/uploads\/2025\/01\/500\u0445500-icons-04-04.png 2084w, https:\/\/calaverapartners.com\/wp-content\/uploads\/2025\/01\/500\u0445500-icons-04-04-300x300.png 300w, https:\/\/calaverapartners.com\/wp-content\/uploads\/2025\/01\/500\u0445500-icons-04-04-1024x1024.png 1024w, https:\/\/calaverapartners.com\/wp-content\/uploads\/2025\/01\/500\u0445500-icons-04-04-150x150.png 150w, https:\/\/calaverapartners.com\/wp-content\/uploads\/2025\/01\/500\u0445500-icons-04-04-768x768.png 768w, https:\/\/calaverapartners.com\/wp-content\/uploads\/2025\/01\/500\u0445500-icons-04-04-1536x1536.png 1536w, https:\/\/calaverapartners.com\/wp-content\/uploads\/2025\/01\/500\u0445500-icons-04-04-2048x2048.png 2048w, https:\/\/calaverapartners.com\/wp-content\/uploads\/2025\/01\/500\u0445500-icons-04-04-600x600.png 600w\" sizes=\"(max-width: 2084px) 100vw, 2084px\" \/><\/figure><div class=\"elementor-image-box-content\"><h3 class=\"elementor-image-box-title\">\u00a1LO HACEMOS <\/br>SENCILLO!<\/h3><p class=\"elementor-image-box-description\">Cada negocio aportado por nuestros socios es muy importante para nosotros. Siempre damos la prioridad a tus necesidades.<\/p><\/div><\/div>\t\t\t\t<\/div>\n\t\t\t\t<\/div>\n\t\t\t\t<\/div>\n\t\t<div class=\"elementor-element elementor-element-4f177e5 e-con-full e-flex e-con e-child\" data-id=\"4f177e5\" data-element_type=\"container\">\n\t\t\t\t<div class=\"elementor-element elementor-element-4ebae58 elementor-position-top elementor-widget elementor-widget-image-box\" data-id=\"4ebae58\" data-element_type=\"widget\" data-widget_type=\"image-box.default\">\n\t\t\t\t<div class=\"elementor-widget-container\">\n\t\t\t\t\t<div class=\"elementor-image-box-wrapper\"><figure class=\"elementor-image-box-img\"><img decoding=\"async\" width=\"2084\" height=\"2084\" src=\"https:\/\/calaverapartners.com\/wp-content\/uploads\/2025\/01\/500\u0445500-icons-04-03.png\" class=\"attachment-full size-full wp-image-652\" alt=\"\" srcset=\"https:\/\/calaverapartners.com\/wp-content\/uploads\/2025\/01\/500\u0445500-icons-04-03.png 2084w, https:\/\/calaverapartners.com\/wp-content\/uploads\/2025\/01\/500\u0445500-icons-04-03-300x300.png 300w, https:\/\/calaverapartners.com\/wp-content\/uploads\/2025\/01\/500\u0445500-icons-04-03-1024x1024.png 1024w, https:\/\/calaverapartners.com\/wp-content\/uploads\/2025\/01\/500\u0445500-icons-04-03-150x150.png 150w, https:\/\/calaverapartners.com\/wp-content\/uploads\/2025\/01\/500\u0445500-icons-04-03-768x768.png 768w, https:\/\/calaverapartners.com\/wp-content\/uploads\/2025\/01\/500\u0445500-icons-04-03-1536x1536.png 1536w, https:\/\/calaverapartners.com\/wp-content\/uploads\/2025\/01\/500\u0445500-icons-04-03-2048x2048.png 2048w, https:\/\/calaverapartners.com\/wp-content\/uploads\/2025\/01\/500\u0445500-icons-04-03-600x600.png 600w\" sizes=\"(max-width: 2084px) 100vw, 2084px\" \/><\/figure><div class=\"elementor-image-box-content\"><h3 class=\"elementor-image-box-title\">FLEXIBILIDAD Y CONOCIMIENTOS T\u00c9CNICOS<\/h3><p class=\"elementor-image-box-description\">Ofrecemos varios tipos de acuerdos alternativos, como el modelo h\u00edbrido, para facilitar la m\u00e1xima flexibilidad. <\/p><\/div><\/div>\t\t\t\t<\/div>\n\t\t\t\t<\/div>\n\t\t\t\t<\/div>\n\t\t<div class=\"elementor-element elementor-element-9ef2693 e-con-full e-flex e-con e-child\" data-id=\"9ef2693\" data-element_type=\"container\">\n\t\t\t\t<div class=\"elementor-element elementor-element-1cfdbb9 elementor-position-top elementor-widget elementor-widget-image-box\" data-id=\"1cfdbb9\" data-element_type=\"widget\" data-widget_type=\"image-box.default\">\n\t\t\t\t<div class=\"elementor-widget-container\">\n\t\t\t\t\t<div class=\"elementor-image-box-wrapper\"><figure class=\"elementor-image-box-img\"><img decoding=\"async\" width=\"2084\" height=\"2084\" src=\"https:\/\/calaverapartners.com\/wp-content\/uploads\/2025\/01\/500\u0445500-icons-04-02.png\" class=\"attachment-full size-full wp-image-650\" alt=\"\" srcset=\"https:\/\/calaverapartners.com\/wp-content\/uploads\/2025\/01\/500\u0445500-icons-04-02.png 2084w, https:\/\/calaverapartners.com\/wp-content\/uploads\/2025\/01\/500\u0445500-icons-04-02-300x300.png 300w, https:\/\/calaverapartners.com\/wp-content\/uploads\/2025\/01\/500\u0445500-icons-04-02-1024x1024.png 1024w, https:\/\/calaverapartners.com\/wp-content\/uploads\/2025\/01\/500\u0445500-icons-04-02-150x150.png 150w, https:\/\/calaverapartners.com\/wp-content\/uploads\/2025\/01\/500\u0445500-icons-04-02-768x768.png 768w, https:\/\/calaverapartners.com\/wp-content\/uploads\/2025\/01\/500\u0445500-icons-04-02-1536x1536.png 1536w, https:\/\/calaverapartners.com\/wp-content\/uploads\/2025\/01\/500\u0445500-icons-04-02-2048x2048.png 2048w, https:\/\/calaverapartners.com\/wp-content\/uploads\/2025\/01\/500\u0445500-icons-04-02-600x600.png 600w\" sizes=\"(max-width: 2084px) 100vw, 2084px\" \/><\/figure><div class=\"elementor-image-box-content\"><h3 class=\"elementor-image-box-title\">BONOS Y PROMOCIONES EXCLUSIVAS<\/h3><p class=\"elementor-image-box-description\">Ofrecemos acceso a bonos, promociones y ofertas exclusivas que nuestros socios pueden utilizar para captar a su p\u00fablico e impulsar las conversiones. <\/p><\/div><\/div>\t\t\t\t<\/div>\n\t\t\t\t<\/div>\n\t\t\t\t<\/div>\n\t\t<div class=\"elementor-element elementor-element-890aa01 e-con-full e-flex e-con e-child\" data-id=\"890aa01\" data-element_type=\"container\">\n\t\t\t\t<div class=\"elementor-element elementor-element-a3e6fc6 elementor-position-top elementor-widget elementor-widget-image-box\" data-id=\"a3e6fc6\" data-element_type=\"widget\" data-widget_type=\"image-box.default\">\n\t\t\t\t<div class=\"elementor-widget-container\">\n\t\t\t\t\t<div class=\"elementor-image-box-wrapper\"><figure class=\"elementor-image-box-img\"><img loading=\"lazy\" decoding=\"async\" width=\"2084\" height=\"2084\" src=\"https:\/\/calaverapartners.com\/wp-content\/uploads\/2025\/01\/500\u0445500-icons-04-01.png\" class=\"attachment-full size-full wp-image-648\" alt=\"\" srcset=\"https:\/\/calaverapartners.com\/wp-content\/uploads\/2025\/01\/500\u0445500-icons-04-01.png 2084w, https:\/\/calaverapartners.com\/wp-content\/uploads\/2025\/01\/500\u0445500-icons-04-01-300x300.png 300w, https:\/\/calaverapartners.com\/wp-content\/uploads\/2025\/01\/500\u0445500-icons-04-01-1024x1024.png 1024w, https:\/\/calaverapartners.com\/wp-content\/uploads\/2025\/01\/500\u0445500-icons-04-01-150x150.png 150w, https:\/\/calaverapartners.com\/wp-content\/uploads\/2025\/01\/500\u0445500-icons-04-01-768x768.png 768w, https:\/\/calaverapartners.com\/wp-content\/uploads\/2025\/01\/500\u0445500-icons-04-01-1536x1536.png 1536w, https:\/\/calaverapartners.com\/wp-content\/uploads\/2025\/01\/500\u0445500-icons-04-01-2048x2048.png 2048w, https:\/\/calaverapartners.com\/wp-content\/uploads\/2025\/01\/500\u0445500-icons-04-01-600x600.png 600w\" sizes=\"(max-width: 2084px) 100vw, 2084px\" \/><\/figure><div class=\"elementor-image-box-content\"><h3 class=\"elementor-image-box-title\">ESTRUCTURA DE COMISIONES ATRACTIVAS<\/h3><p class=\"elementor-image-box-description\">Planes de comisiones competitivos y transparentes, incluidos modelos de participaci\u00f3n en los ingresos, CPA e h\u00edbridos. <\/p><\/div><\/div>\t\t\t\t<\/div>\n\t\t\t\t<\/div>\n\t\t\t\t<\/div>\n\t\t\t\t\t<\/div>\n\t\t\t\t<\/div>\n\t\t<div class=\"elementor-element elementor-element-e97f318 e-flex e-con-boxed e-con e-parent\" data-id=\"e97f318\" data-element_type=\"container\" data-settings=\"{&quot;background_background&quot;:&quot;classic&quot;}\">\n\t\t\t\t\t<div class=\"e-con-inner\">\n\t\t<div class=\"elementor-element elementor-element-75d12e8 e-con-full e-flex e-con e-child\" data-id=\"75d12e8\" data-element_type=\"container\">\n\t\t\t\t<div class=\"elementor-element elementor-element-931d6c8 elementor-align-center elementor-widget elementor-widget-button\" data-id=\"931d6c8\" data-element_type=\"widget\" data-widget_type=\"button.default\">\n\t\t\t\t<div class=\"elementor-widget-container\">\n\t\t\t\t\t\t\t\t\t<div class=\"elementor-button-wrapper\">\n\t\t\t\t\t<a class=\"elementor-button elementor-button-link elementor-size-sm\" href=\"https:\/\/go.calaverapartners.com\/signup\/\">\n\t\t\t\t\t\t<span class=\"elementor-button-content-wrapper\">\n\t\t\t\t\t\t\t\t\t<span class=\"elementor-button-text\">\u00a1REG\u00cdSTRATE AHORA!<\/span>\n\t\t\t\t\t<\/span>\n\t\t\t\t\t<\/a>\n\t\t\t\t<\/div>\n\t\t\t\t\t\t\t\t<\/div>\n\t\t\t\t<\/div>\n\t\t\t\t<\/div>\n\t\t\t\t\t<\/div>\n\t\t\t\t<\/div>\n\t\t<div class=\"elementor-element elementor-element-3299da7 e-con-full e-flex e-con e-parent\" data-id=\"3299da7\" data-element_type=\"container\" data-settings=\"{&quot;background_background&quot;:&quot;classic&quot;}\">\n\t\t\t\t<div class=\"elementor-element elementor-element-15f62a7 elementor-widget elementor-widget-image\" data-id=\"15f62a7\" data-element_type=\"widget\" data-widget_type=\"image.default\">\n\t\t\t\t<div class=\"elementor-widget-container\">\n\t\t\t\t\t\t\t\t\t\t\t\t\t\t\t<img loading=\"lazy\" decoding=\"async\" width=\"1440\" height=\"526\" src=\"https:\/\/calaverapartners.com\/wp-content\/uploads\/2024\/10\/accent-blood.png\" class=\"attachment-full size-full wp-image-34\" alt=\"\" srcset=\"https:\/\/calaverapartners.com\/wp-content\/uploads\/2024\/10\/accent-blood.png 1440w, https:\/\/calaverapartners.com\/wp-content\/uploads\/2024\/10\/accent-blood-300x110.png 300w, https:\/\/calaverapartners.com\/wp-content\/uploads\/2024\/10\/accent-blood-1024x374.png 1024w, https:\/\/calaverapartners.com\/wp-content\/uploads\/2024\/10\/accent-blood-768x281.png 768w\" sizes=\"(max-width: 1440px) 100vw, 1440px\" \/>\t\t\t\t\t\t\t\t\t\t\t\t\t\t\t<\/div>\n\t\t\t\t<\/div>\n\t\t\t\t<\/div>\n\t\t<div class=\"elementor-element elementor-element-db68a2b e-con-full e-flex e-con e-parent\" data-id=\"db68a2b\" data-element_type=\"container\" data-settings=\"{&quot;background_background&quot;:&quot;classic&quot;}\">\n\t\t\t\t<div class=\"elementor-element elementor-element-50e97f4 elementor-widget elementor-widget-image\" data-id=\"50e97f4\" data-element_type=\"widget\" data-widget_type=\"image.default\">\n\t\t\t\t<div class=\"elementor-widget-container\">\n\t\t\t\t\t\t\t\t\t\t\t\t\t\t\t\t<a href=\"https:\/\/go.calaverapartners.com\/signup\/\">\n\t\t\t\t\t\t\t<img loading=\"lazy\" decoding=\"async\" width=\"1251\" height=\"286\" src=\"https:\/\/calaverapartners.com\/wp-content\/uploads\/2025\/01\/welcome-bonus-banner\u0435s-1.png\" class=\"attachment-full size-full wp-image-704\" alt=\"\" srcset=\"https:\/\/calaverapartners.com\/wp-content\/uploads\/2025\/01\/welcome-bonus-banner\u0435s-1.png 1251w, https:\/\/calaverapartners.com\/wp-content\/uploads\/2025\/01\/welcome-bonus-banner\u0435s-1-300x69.png 300w, https:\/\/calaverapartners.com\/wp-content\/uploads\/2025\/01\/welcome-bonus-banner\u0435s-1-1024x234.png 1024w, https:\/\/calaverapartners.com\/wp-content\/uploads\/2025\/01\/welcome-bonus-banner\u0435s-1-768x176.png 768w\" sizes=\"(max-width: 1251px) 100vw, 1251px\" \/>\t\t\t\t\t\t\t\t<\/a>\n\t\t\t\t\t\t\t\t\t\t\t\t\t\t\t<\/div>\n\t\t\t\t<\/div>\n\t\t\t\t<\/div>\n\t\t<div class=\"elementor-element elementor-element-6349300 e-flex e-con-boxed e-con e-parent\" data-id=\"6349300\" data-element_type=\"container\" data-settings=\"{&quot;background_background&quot;:&quot;classic&quot;}\">\n\t\t\t\t\t<div class=\"e-con-inner\">\n\t\t\t\t<div class=\"elementor-element elementor-element-59d053c elementor-widget elementor-widget-image\" data-id=\"59d053c\" data-element_type=\"widget\" data-widget_type=\"image.default\">\n\t\t\t\t<div class=\"elementor-widget-container\">\n\t\t\t\t\t\t\t\t\t\t\t\t\t\t\t<img loading=\"lazy\" decoding=\"async\" width=\"9209\" height=\"417\" src=\"https:\/\/calaverapartners.com\/wp-content\/uploads\/2025\/01\/WHERE-EVERY-MOMENT-IS-A-FIESTAES.png\" class=\"attachment-full size-full wp-image-678\" alt=\"\" srcset=\"https:\/\/calaverapartners.com\/wp-content\/uploads\/2025\/01\/WHERE-EVERY-MOMENT-IS-A-FIESTAES.png 9209w, https:\/\/calaverapartners.com\/wp-content\/uploads\/2025\/01\/WHERE-EVERY-MOMENT-IS-A-FIESTAES-300x14.png 300w, https:\/\/calaverapartners.com\/wp-content\/uploads\/2025\/01\/WHERE-EVERY-MOMENT-IS-A-FIESTAES-1024x46.png 1024w, https:\/\/calaverapartners.com\/wp-content\/uploads\/2025\/01\/WHERE-EVERY-MOMENT-IS-A-FIESTAES-768x35.png 768w, https:\/\/calaverapartners.com\/wp-content\/uploads\/2025\/01\/WHERE-EVERY-MOMENT-IS-A-FIESTAES-1536x70.png 1536w, https:\/\/calaverapartners.com\/wp-content\/uploads\/2025\/01\/WHERE-EVERY-MOMENT-IS-A-FIESTAES-2048x93.png 2048w\" sizes=\"(max-width: 9209px) 100vw, 9209px\" \/>\t\t\t\t\t\t\t\t\t\t\t\t\t\t\t<\/div>\n\t\t\t\t<\/div>\n\t\t\t\t\t<\/div>\n\t\t\t\t<\/div>\n\t\t<div class=\"elementor-element elementor-element-0070bfd elementor-hidden-desktop elementor-hidden-tablet elementor-hidden-mobile e-flex e-con-boxed e-con e-parent\" data-id=\"0070bfd\" data-element_type=\"container\" data-settings=\"{&quot;background_background&quot;:&quot;classic&quot;}\">\n\t\t\t\t\t<div class=\"e-con-inner\">\n\t\t<div class=\"elementor-element elementor-element-42884aa e-con-full e-flex e-con e-child\" data-id=\"42884aa\" data-element_type=\"container\">\n\t\t\t\t<div class=\"elementor-element elementor-element-ece1d17 elementor-widget elementor-widget-image\" data-id=\"ece1d17\" data-element_type=\"widget\" data-widget_type=\"image.default\">\n\t\t\t\t<div class=\"elementor-widget-container\">\n\t\t\t\t\t\t\t\t\t\t\t\t\t\t\t<img loading=\"lazy\" decoding=\"async\" width=\"386\" height=\"253\" src=\"https:\/\/calaverapartners.com\/wp-content\/uploads\/2024\/10\/banner-1.png\" class=\"attachment-large size-large wp-image-25\" alt=\"\" srcset=\"https:\/\/calaverapartners.com\/wp-content\/uploads\/2024\/10\/banner-1.png 386w, https:\/\/calaverapartners.com\/wp-content\/uploads\/2024\/10\/banner-1-300x197.png 300w\" sizes=\"(max-width: 386px) 100vw, 386px\" \/>\t\t\t\t\t\t\t\t\t\t\t\t\t\t\t<\/div>\n\t\t\t\t<\/div>\n\t\t\t\t<\/div>\n\t\t<div class=\"elementor-element elementor-element-e7048e6 e-con-full e-flex e-con e-child\" data-id=\"e7048e6\" data-element_type=\"container\">\n\t\t\t\t<div class=\"elementor-element elementor-element-c0ff3bd elementor-widget elementor-widget-image\" data-id=\"c0ff3bd\" data-element_type=\"widget\" data-widget_type=\"image.default\">\n\t\t\t\t<div class=\"elementor-widget-container\">\n\t\t\t\t\t\t\t\t\t\t\t\t\t\t\t<img loading=\"lazy\" decoding=\"async\" width=\"386\" height=\"253\" src=\"https:\/\/calaverapartners.com\/wp-content\/uploads\/2024\/10\/banner-2.png\" class=\"attachment-large size-large wp-image-26\" alt=\"\" srcset=\"https:\/\/calaverapartners.com\/wp-content\/uploads\/2024\/10\/banner-2.png 386w, https:\/\/calaverapartners.com\/wp-content\/uploads\/2024\/10\/banner-2-300x197.png 300w\" sizes=\"(max-width: 386px) 100vw, 386px\" \/>\t\t\t\t\t\t\t\t\t\t\t\t\t\t\t<\/div>\n\t\t\t\t<\/div>\n\t\t\t\t<\/div>\n\t\t<div class=\"elementor-element elementor-element-7a03487 e-con-full e-flex e-con e-child\" data-id=\"7a03487\" data-element_type=\"container\">\n\t\t\t\t<div class=\"elementor-element elementor-element-58c7954 elementor-widget elementor-widget-image\" data-id=\"58c7954\" data-element_type=\"widget\" data-widget_type=\"image.default\">\n\t\t\t\t<div class=\"elementor-widget-container\">\n\t\t\t\t\t\t\t\t\t\t\t\t\t\t\t<img loading=\"lazy\" decoding=\"async\" width=\"386\" height=\"253\" src=\"https:\/\/calaverapartners.com\/wp-content\/uploads\/2024\/10\/banner-3.png\" class=\"attachment-large size-large wp-image-27\" alt=\"\" srcset=\"https:\/\/calaverapartners.com\/wp-content\/uploads\/2024\/10\/banner-3.png 386w, https:\/\/calaverapartners.com\/wp-content\/uploads\/2024\/10\/banner-3-300x197.png 300w\" sizes=\"(max-width: 386px) 100vw, 386px\" \/>\t\t\t\t\t\t\t\t\t\t\t\t\t\t\t<\/div>\n\t\t\t\t<\/div>\n\t\t\t\t<\/div>\n\t\t\t\t\t<\/div>\n\t\t\t\t<\/div>\n\t\t<div class=\"elementor-element elementor-element-426cfa7 e-flex e-con-boxed e-con e-parent\" data-id=\"426cfa7\" data-element_type=\"container\" data-settings=\"{&quot;background_background&quot;:&quot;classic&quot;}\">\n\t\t\t\t\t<div class=\"e-con-inner\">\n\t\t<div class=\"elementor-element elementor-element-4d1c3e5 e-con-full e-flex e-con e-child\" data-id=\"4d1c3e5\" data-element_type=\"container\">\n\t\t\t\t<div class=\"elementor-element elementor-element-b5ca20c elementor-align-center elementor-widget elementor-widget-button\" data-id=\"b5ca20c\" data-element_type=\"widget\" data-widget_type=\"button.default\">\n\t\t\t\t<div class=\"elementor-widget-container\">\n\t\t\t\t\t\t\t\t\t<div class=\"elementor-button-wrapper\">\n\t\t\t\t\t<a class=\"elementor-button elementor-button-link elementor-size-sm\" href=\"https:\/\/go.calaverapartners.com\/signup\/\">\n\t\t\t\t\t\t<span class=\"elementor-button-content-wrapper\">\n\t\t\t\t\t\t\t\t\t<span class=\"elementor-button-text\">\u00a1REG\u00cdSTRATE AHORA!<\/span>\n\t\t\t\t\t<\/span>\n\t\t\t\t\t<\/a>\n\t\t\t\t<\/div>\n\t\t\t\t\t\t\t\t<\/div>\n\t\t\t\t<\/div>\n\t\t\t\t<\/div>\n\t\t\t\t\t<\/div>\n\t\t\t\t<\/div>\n\t\t\t\t<\/div>\n\t\t","protected":false},"excerpt":{"rendered":"<p>\u00a1LO HACEMOS SENCILLO! Cada negocio aportado por nuestros socios es muy importante para nosotros. Siempre damos la prioridad a tus necesidades. FLEXIBILIDAD Y CONOCIMIENTOS T\u00c9CNICOS Ofrecemos varios tipos de acuerdos alternativos, como el modelo h\u00edbrido, para facilitar la m\u00e1xima flexibilidad. BONOS Y PROMOCIONES EXCLUSIVAS Ofrecemos acceso a bonos, promociones y ofertas exclusivas que nuestros socios [&hellip;]<\/p>\n","protected":false},"author":4,"featured_media":0,"parent":0,"menu_order":0,"comment_status":"closed","ping_status":"closed","template":"","meta":{"ocean_post_layout":"","ocean_both_sidebars_style":"","ocean_both_sidebars_content_width":0,"ocean_both_sidebars_sidebars_width":0,"ocean_sidebar":"","ocean_second_sidebar":"","ocean_disable_margins":"enable","ocean_add_body_class":"","ocean_shortcode_before_top_bar":"","ocean_shortcode_after_top_bar":"","ocean_shortcode_before_header":"","ocean_shortcode_after_header":"","ocean_has_shortcode":"","ocean_shortcode_after_title":"","ocean_shortcode_before_footer_widgets":"","ocean_shortcode_after_footer_widgets":"","ocean_shortcode_before_footer_bottom":"","ocean_shortcode_after_footer_bottom":"","ocean_display_top_bar":"default","ocean_display_header":"default","ocean_header_style":"","ocean_center_header_left_menu":"","ocean_custom_header_template":"","ocean_custom_logo":0,"ocean_custom_retina_logo":0,"ocean_custom_logo_max_width":0,"ocean_custom_logo_tablet_max_width":0,"ocean_custom_logo_mobile_max_width":0,"ocean_custom_logo_max_height":0,"ocean_custom_logo_tablet_max_height":0,"ocean_custom_logo_mobile_max_height":0,"ocean_header_custom_menu":"","ocean_menu_typo_font_family":"","ocean_menu_typo_font_subset":"","ocean_menu_typo_font_size":0,"ocean_menu_typo_font_size_tablet":0,"ocean_menu_typo_font_size_mobile":0,"ocean_menu_typo_font_size_unit":"px","ocean_menu_typo_font_weight":"","ocean_menu_typo_font_weight_tablet":"","ocean_menu_typo_font_weight_mobile":"","ocean_menu_typo_transform":"","ocean_menu_typo_transform_tablet":"","ocean_menu_typo_transform_mobile":"","ocean_menu_typo_line_height":0,"ocean_menu_typo_line_height_tablet":0,"ocean_menu_typo_line_height_mobile":0,"ocean_menu_typo_line_height_unit":"","ocean_menu_typo_spacing":0,"ocean_menu_typo_spacing_tablet":0,"ocean_menu_typo_spacing_mobile":0,"ocean_menu_typo_spacing_unit":"","ocean_menu_link_color":"","ocean_menu_link_color_hover":"","ocean_menu_link_color_active":"","ocean_menu_link_background":"","ocean_menu_link_hover_background":"","ocean_menu_link_active_background":"","ocean_menu_social_links_bg":"","ocean_menu_social_hover_links_bg":"","ocean_menu_social_links_color":"","ocean_menu_social_hover_links_color":"","ocean_disable_title":"default","ocean_disable_heading":"default","ocean_post_title":"","ocean_post_subheading":"","ocean_post_title_style":"","ocean_post_title_background_color":"","ocean_post_title_background":0,"ocean_post_title_bg_image_position":"","ocean_post_title_bg_image_attachment":"","ocean_post_title_bg_image_repeat":"","ocean_post_title_bg_image_size":"","ocean_post_title_height":0,"ocean_post_title_bg_overlay":0.5,"ocean_post_title_bg_overlay_color":"","ocean_disable_breadcrumbs":"default","ocean_breadcrumbs_color":"","ocean_breadcrumbs_separator_color":"","ocean_breadcrumbs_links_color":"","ocean_breadcrumbs_links_hover_color":"","ocean_display_footer_widgets":"default","ocean_display_footer_bottom":"default","ocean_custom_footer_template":"","footnotes":""},"class_list":["post-267","page","type-page","status-publish","hentry","entry"],"_links":{"self":[{"href":"https:\/\/calaverapartners.com\/es\/wp-json\/wp\/v2\/pages\/267","targetHints":{"allow":["GET"]}}],"collection":[{"href":"https:\/\/calaverapartners.com\/es\/wp-json\/wp\/v2\/pages"}],"about":[{"href":"https:\/\/calaverapartners.com\/es\/wp-json\/wp\/v2\/types\/page"}],"author":[{"embeddable":true,"href":"https:\/\/calaverapartners.com\/es\/wp-json\/wp\/v2\/users\/4"}],"replies":[{"embeddable":true,"href":"https:\/\/calaverapartners.com\/es\/wp-json\/wp\/v2\/comments?post=267"}],"version-history":[{"count":30,"href":"https:\/\/calaverapartners.com\/es\/wp-json\/wp\/v2\/pages\/267\/revisions"}],"predecessor-version":[{"id":710,"href":"https:\/\/calaverapartners.com\/es\/wp-json\/wp\/v2\/pages\/267\/revisions\/710"}],"wp:attachment":[{"href":"https:\/\/calaverapartners.com\/es\/wp-json\/wp\/v2\/media?parent=267"}],"curies":[{"name":"wp","href":"https:\/\/api.w.org\/{rel}","templated":true}]}}